{"id":183,"date":"2021-05-17T15:38:15","date_gmt":"2021-05-17T15:38:15","guid":{"rendered":"https:\/\/doering-mittenwald.rr-miwa.de\/?page_id=183"},"modified":"2021-05-25T12:54:21","modified_gmt":"2021-05-25T12:54:21","slug":"ferienwohnung","status":"publish","type":"page","link":"https:\/\/doering-mittenwald.rr-miwa.de\/?page_id=183","title":{"rendered":"Ferienwohnung"},"content":{"rendered":"\t\t<div data-elementor-type=\"wp-page\" data-elementor-id=\"183\" class=\"elementor elementor-183\" data-elementor-settings=\"[]\">\n\t\t\t\t\t\t\t<div class=\"elementor-section-wrap\">\n\t\t\t\t\t\t\t<section class=\"elementor-section elementor-top-section elementor-element elementor-element-c8626f6 elementor-section-boxed elementor-section-height-default elementor-section-height-default\" data-id=\"c8626f6\" data-element_type=\"section\">\n\t\t\t\t\t\t<div class=\"elementor-container elementor-column-gap-default\">\n\t\t\t\t\t<div class=\"elementor-column elementor-col-100 elementor-top-column elementor-element elementor-element-d4c7e1f\" data-id=\"d4c7e1f\" data-element_type=\"column\">\n\t\t\t<div class=\"elementor-widget-wrap elementor-element-populated\">\n\t\t\t\t\t\t\t\t<div class=\"elementor-element elementor-element-b7dfa39 elementor-nav-menu__align-right elementor-nav-menu--stretch elementor-nav-menu__text-align-center elementor-nav-menu--indicator-classic elementor-nav-menu--dropdown-tablet elementor-nav-menu--toggle elementor-nav-menu--burger elementor-widget elementor-widget-nav-menu\" data-id=\"b7dfa39\" data-element_type=\"widget\" data-settings=\"{&quot;full_width&quot;:&quot;stretch&quot;,&quot;layout&quot;:&quot;horizontal&quot;,&quot;toggle&quot;:&quot;burger&quot;}\" data-widget_type=\"nav-menu.default\">\n\t\t\t\t<div class=\"elementor-widget-container\">\n\t\t\t\t\t\t<nav role=\"navigation\" class=\"elementor-nav-menu--main elementor-nav-menu__container elementor-nav-menu--layout-horizontal e--pointer-underline e--animation-fade\"><ul id=\"menu-1-b7dfa39\" class=\"elementor-nav-menu\"><li class=\"menu-item menu-item-type-custom menu-item-object-custom menu-item-home menu-item-447\"><a href=\"https:\/\/doering-mittenwald.rr-miwa.de\/\" class=\"elementor-item\">Home<\/a><\/li>\n<li class=\"menu-item menu-item-type-custom menu-item-object-custom menu-item-has-children menu-item-37\"><a class=\"elementor-item\">G\u00e4stehaus D\u00f6ring<\/a>\n<ul class=\"sub-menu elementor-nav-menu--dropdown\">\n\t<li class=\"menu-item menu-item-type-post_type menu-item-object-page menu-item-194\"><a href=\"https:\/\/doering-mittenwald.rr-miwa.de\/?page_id=183\" class=\"elementor-sub-item\">Ferienwohnung<\/a><\/li>\n\t<li class=\"menu-item menu-item-type-post_type menu-item-object-page menu-item-489\"><a href=\"https:\/\/doering-mittenwald.rr-miwa.de\/?page_id=482\" class=\"elementor-sub-item\">Alle Zimmer<\/a><\/li>\n\t<li class=\"menu-item menu-item-type-post_type menu-item-object-page menu-item-124\"><a href=\"https:\/\/doering-mittenwald.rr-miwa.de\/?page_id=118\" class=\"elementor-sub-item\">Doppelzimmer 1.Stock<\/a><\/li>\n\t<li class=\"menu-item menu-item-type-post_type menu-item-object-page menu-item-147\"><a href=\"https:\/\/doering-mittenwald.rr-miwa.de\/?page_id=138\" class=\"elementor-sub-item\">Dreibettzimmer Viererspitz<\/a><\/li>\n\t<li class=\"menu-item menu-item-type-post_type menu-item-object-page menu-item-203\"><a href=\"https:\/\/doering-mittenwald.rr-miwa.de\/?page_id=198\" class=\"elementor-sub-item\">Doppelzimmer Karwendelblick<\/a><\/li>\n\t<li class=\"menu-item menu-item-type-post_type menu-item-object-page menu-item-363\"><a href=\"https:\/\/doering-mittenwald.rr-miwa.de\/?page_id=354\" class=\"elementor-sub-item\">Doppelzimmer Arnspitzblick<\/a><\/li>\n\t<li class=\"menu-item menu-item-type-post_type menu-item-object-page menu-item-364\"><a href=\"https:\/\/doering-mittenwald.rr-miwa.de\/?page_id=344\" class=\"elementor-sub-item\">Doppelzimmer Wettersteinblick<\/a><\/li>\n\t<li class=\"menu-item menu-item-type-post_type menu-item-object-page menu-item-365\"><a href=\"https:\/\/doering-mittenwald.rr-miwa.de\/?page_id=320\" class=\"elementor-sub-item\">Doppelzimmer Kranzbergblick<\/a><\/li>\n<\/ul>\n<\/li>\n<li class=\"menu-item menu-item-type-post_type menu-item-object-page menu-item-209\"><a href=\"https:\/\/doering-mittenwald.rr-miwa.de\/?page_id=204\" class=\"elementor-item\">Ferienhaus Bichler<\/a><\/li>\n<li class=\"menu-item menu-item-type-post_type menu-item-object-page menu-item-52\"><a href=\"https:\/\/doering-mittenwald.rr-miwa.de\/?page_id=39\" class=\"elementor-item\">Kontakt<\/a><\/li>\n<li class=\"menu-item menu-item-type-custom menu-item-object-custom menu-item-193\"><a href=\"https:\/\/webcam-mittenwald.de\/panorama-webcam-mittenwald-webcam-mit-blick-auf-den-wetterstein-die-alpspitze-und-die-zugspitze-wettercam-mittenwald-mittenwald-live-wetteramt-wetterstein-wetteramt-zugspitze\/\" class=\"elementor-item\">Webcams<\/a><\/li>\n<\/ul><\/nav>\n\t\t\t\t\t<div class=\"elementor-menu-toggle\" role=\"button\" tabindex=\"0\" aria-label=\"Menu Toggle\" aria-expanded=\"false\">\n\t\t\t<i class=\"eicon-menu-bar\" aria-hidden=\"true\"><\/i>\n\t\t\t<span class=\"elementor-screen-only\">Menu<\/span>\n\t\t<\/div>\n\t\t\t<nav class=\"elementor-nav-menu--dropdown elementor-nav-menu__container\" role=\"navigation\" aria-hidden=\"true\"><ul id=\"menu-2-b7dfa39\" class=\"elementor-nav-menu\"><li class=\"menu-item menu-item-type-custom menu-item-object-custom menu-item-home menu-item-447\"><a href=\"https:\/\/doering-mittenwald.rr-miwa.de\/\" class=\"elementor-item\">Home<\/a><\/li>\n<li class=\"menu-item menu-item-type-custom menu-item-object-custom menu-item-has-children menu-item-37\"><a class=\"elementor-item\">G\u00e4stehaus D\u00f6ring<\/a>\n<ul class=\"sub-menu elementor-nav-menu--dropdown\">\n\t<li class=\"menu-item menu-item-type-post_type menu-item-object-page menu-item-194\"><a href=\"https:\/\/doering-mittenwald.rr-miwa.de\/?page_id=183\" class=\"elementor-sub-item\">Ferienwohnung<\/a><\/li>\n\t<li class=\"menu-item menu-item-type-post_type menu-item-object-page menu-item-489\"><a href=\"https:\/\/doering-mittenwald.rr-miwa.de\/?page_id=482\" class=\"elementor-sub-item\">Alle Zimmer<\/a><\/li>\n\t<li class=\"menu-item menu-item-type-post_type menu-item-object-page menu-item-124\"><a href=\"https:\/\/doering-mittenwald.rr-miwa.de\/?page_id=118\" class=\"elementor-sub-item\">Doppelzimmer 1.Stock<\/a><\/li>\n\t<li class=\"menu-item menu-item-type-post_type menu-item-object-page menu-item-147\"><a href=\"https:\/\/doering-mittenwald.rr-miwa.de\/?page_id=138\" class=\"elementor-sub-item\">Dreibettzimmer Viererspitz<\/a><\/li>\n\t<li class=\"menu-item menu-item-type-post_type menu-item-object-page menu-item-203\"><a href=\"https:\/\/doering-mittenwald.rr-miwa.de\/?page_id=198\" class=\"elementor-sub-item\">Doppelzimmer Karwendelblick<\/a><\/li>\n\t<li class=\"menu-item menu-item-type-post_type menu-item-object-page menu-item-363\"><a href=\"https:\/\/doering-mittenwald.rr-miwa.de\/?page_id=354\" class=\"elementor-sub-item\">Doppelzimmer Arnspitzblick<\/a><\/li>\n\t<li class=\"menu-item menu-item-type-post_type menu-item-object-page menu-item-364\"><a href=\"https:\/\/doering-mittenwald.rr-miwa.de\/?page_id=344\" class=\"elementor-sub-item\">Doppelzimmer Wettersteinblick<\/a><\/li>\n\t<li class=\"menu-item menu-item-type-post_type menu-item-object-page menu-item-365\"><a href=\"https:\/\/doering-mittenwald.rr-miwa.de\/?page_id=320\" class=\"elementor-sub-item\">Doppelzimmer Kranzbergblick<\/a><\/li>\n<\/ul>\n<\/li>\n<li class=\"menu-item menu-item-type-post_type menu-item-object-page menu-item-209\"><a href=\"https:\/\/doering-mittenwald.rr-miwa.de\/?page_id=204\" class=\"elementor-item\">Ferienhaus Bichler<\/a><\/li>\n<li class=\"menu-item menu-item-type-post_type menu-item-object-page menu-item-52\"><a href=\"https:\/\/doering-mittenwald.rr-miwa.de\/?page_id=39\" class=\"elementor-item\">Kontakt<\/a><\/li>\n<li class=\"menu-item menu-item-type-custom menu-item-object-custom menu-item-193\"><a href=\"https:\/\/webcam-mittenwald.de\/panorama-webcam-mittenwald-webcam-mit-blick-auf-den-wetterstein-die-alpspitze-und-die-zugspitze-wettercam-mittenwald-mittenwald-live-wetteramt-wetterstein-wetteramt-zugspitze\/\" class=\"elementor-item\">Webcams<\/a><\/li>\n<\/ul><\/nav>\n\t\t\t\t<\/div>\n\t\t\t\t<\/div>\n\t\t\t\t\t<\/div>\n\t\t<\/div>\n\t\t\t\t\t\t\t<\/div>\n\t\t<\/section>\n\t\t\t\t<section class=\"elementor-section elementor-top-section elementor-element elementor-element-ec31e8f elementor-section-full_width elementor-section-height-full elementor-hidden-phone elementor-section-height-default elementor-section-items-middle\" data-id=\"ec31e8f\" data-element_type=\"section\" data-settings=\"{&quot;background_background&quot;:&quot;slideshow&quot;,&quot;background_slideshow_gallery&quot;:[{&quot;id&quot;:262,&quot;url&quot;:&quot;https:\\\/\\\/doering-mittenwald.rr-miwa.de\\\/wp-content\\\/uploads\\\/2021\\\/05\\\/Ferienwohnung-15-scaled.jpg&quot;},{&quot;id&quot;:263,&quot;url&quot;:&quot;https:\\\/\\\/doering-mittenwald.rr-miwa.de\\\/wp-content\\\/uploads\\\/2021\\\/05\\\/Ferienwohnung-12-scaled.jpg&quot;},{&quot;id&quot;:266,&quot;url&quot;:&quot;https:\\\/\\\/doering-mittenwald.rr-miwa.de\\\/wp-content\\\/uploads\\\/2021\\\/05\\\/Ferienwohnung-9-scaled.jpg&quot;},{&quot;id&quot;:267,&quot;url&quot;:&quot;https:\\\/\\\/doering-mittenwald.rr-miwa.de\\\/wp-content\\\/uploads\\\/2021\\\/05\\\/Ferienwohnung-10-scaled.jpg&quot;},{&quot;id&quot;:269,&quot;url&quot;:&quot;https:\\\/\\\/doering-mittenwald.rr-miwa.de\\\/wp-content\\\/uploads\\\/2021\\\/05\\\/Ferienwohnung-5-scaled.jpg&quot;},{&quot;id&quot;:271,&quot;url&quot;:&quot;https:\\\/\\\/doering-mittenwald.rr-miwa.de\\\/wp-content\\\/uploads\\\/2021\\\/05\\\/Ferienwohnung-7-scaled.jpg&quot;},{&quot;id&quot;:272,&quot;url&quot;:&quot;https:\\\/\\\/doering-mittenwald.rr-miwa.de\\\/wp-content\\\/uploads\\\/2021\\\/05\\\/Ferienwohnung-8-scaled.jpg&quot;},{&quot;id&quot;:274,&quot;url&quot;:&quot;https:\\\/\\\/doering-mittenwald.rr-miwa.de\\\/wp-content\\\/uploads\\\/2021\\\/05\\\/Ferienwohnung-2-scaled.jpg&quot;},{&quot;id&quot;:276,&quot;url&quot;:&quot;https:\\\/\\\/doering-mittenwald.rr-miwa.de\\\/wp-content\\\/uploads\\\/2021\\\/05\\\/Ferienwohnung-4-scaled.jpg&quot;}],&quot;background_slideshow_ken_burns&quot;:&quot;yes&quot;,&quot;background_slideshow_loop&quot;:&quot;yes&quot;,&quot;background_slideshow_slide_duration&quot;:5000,&quot;background_slideshow_slide_transition&quot;:&quot;fade&quot;,&quot;background_slideshow_transition_duration&quot;:500,&quot;background_slideshow_ken_burns_zoom_direction&quot;:&quot;in&quot;}\">\n\t\t\t\t\t\t<div class=\"elementor-container elementor-column-gap-default\">\n\t\t\t\t\t<div class=\"elementor-column elementor-col-100 elementor-top-column elementor-element elementor-element-50c10e3\" data-id=\"50c10e3\" data-element_type=\"column\">\n\t\t\t<div class=\"elementor-widget-wrap\">\n\t\t\t\t\t\t\t\t\t<\/div>\n\t\t<\/div>\n\t\t\t\t\t\t\t<\/div>\n\t\t<\/section>\n\t\t\t\t<section class=\"elementor-section elementor-top-section elementor-element elementor-element-66c246a5 elementor-section-full_width elementor-section-height-min-height elementor-section-items-stretch elementor-section-content-middle elementor-reverse-mobile elementor-reverse-tablet elementor-section-height-default\" data-id=\"66c246a5\" data-element_type=\"section\">\n\t\t\t\t\t\t<div class=\"elementor-container elementor-column-gap-no\">\n\t\t\t\t\t<div class=\"elementor-column elementor-col-50 elementor-top-column elementor-element elementor-element-4caf50e\" data-id=\"4caf50e\" data-element_type=\"column\">\n\t\t\t<div class=\"elementor-widget-wrap elementor-element-populated\">\n\t\t\t\t\t\t\t\t<div class=\"elementor-element elementor-element-1b22650e animated-fast elementor-invisible elementor-widget elementor-widget-heading\" data-id=\"1b22650e\" data-element_type=\"widget\" data-settings=\"{&quot;_animation&quot;:&quot;fadeIn&quot;}\" data-widget_type=\"heading.default\">\n\t\t\t\t<div class=\"elementor-widget-container\">\n\t\t\t<h1 class=\"elementor-heading-title elementor-size-default\">Ferienwohnung<\/h1>\t\t<\/div>\n\t\t\t\t<\/div>\n\t\t\t\t<div class=\"elementor-element elementor-element-239578ef elementor-widget elementor-widget-text-editor\" data-id=\"239578ef\" data-element_type=\"widget\" data-widget_type=\"text-editor.default\">\n\t\t\t\t<div class=\"elementor-widget-container\">\n\t\t\t\t\t\t\t\t<p>Die Ferienwohnung im G\u00e4stehaus D\u00f6ring ist sehr gro\u00dfz\u00fcgig geschnitten und beinhaltet ein Wohnzimmer mit gro\u00dfer Couch und als Highlight einen Kamin f\u00fcr entspannte Abende.\u00a0<\/p><div>Die sehr gro\u00dfe K\u00fcche l\u00e4dt ein zum gemeinsamen kochen und genie\u00dfen.<\/div><div>\u2022 2 Doppelzimmer<\/div><div>\u2022 1 Einzelzimmer<\/div><div>\u2022 Bad mit Dusche und Badewanne<\/div><div>\u2022 Wohnzimmer mit Kamin<\/div><div>\u2022 Sehr ger\u00e4umige K\u00fcche<\/div>\t\t\t\t\t\t<\/div>\n\t\t\t\t<\/div>\n\t\t\t\t<div class=\"elementor-element elementor-element-310462b1 elementor-tablet-align-center elementor-invisible elementor-widget elementor-widget-button\" data-id=\"310462b1\" data-element_type=\"widget\" data-settings=\"{&quot;_animation&quot;:&quot;fadeIn&quot;,&quot;_animation_delay&quot;:&quot;200&quot;}\" data-widget_type=\"button.default\">\n\t\t\t\t<div class=\"elementor-widget-container\">\n\t\t\t\t\t<div class=\"elementor-button-wrapper\">\n\t\t\t<a href=\"https:\/\/doering-mittenwald.rr-miwa.de\" class=\"elementor-button-link elementor-button elementor-size-sm\" role=\"button\">\n\t\t\t\t\t\t<span class=\"elementor-button-content-wrapper\">\n\t\t\t\t\t\t<span class=\"elementor-button-text\">Back home<\/span>\n\t\t<\/span>\n\t\t\t\t\t<\/a>\n\t\t<\/div>\n\t\t\t\t<\/div>\n\t\t\t\t<\/div>\n\t\t\t\t\t<\/div>\n\t\t<\/div>\n\t\t\t\t<div class=\"elementor-column elementor-col-50 elementor-top-column elementor-element elementor-element-4585aae2\" data-id=\"4585aae2\" data-element_type=\"column\" data-settings=\"{&quot;background_background&quot;:&quot;classic&quot;}\">\n\t\t\t<div class=\"elementor-widget-wrap elementor-element-populated\">\n\t\t\t\t\t<div class=\"elementor-background-overlay\"><\/div>\n\t\t\t\t\t\t\t\t<div class=\"elementor-element elementor-element-3d57fb2b elementor-widget elementor-widget-spacer\" data-id=\"3d57fb2b\" data-element_type=\"widget\" data-widget_type=\"spacer.default\">\n\t\t\t\t<div class=\"elementor-widget-container\">\n\t\t\t\t\t<div class=\"elementor-spacer\">\n\t\t\t<div class=\"elementor-spacer-inner\"><\/div>\n\t\t<\/div>\n\t\t\t\t<\/div>\n\t\t\t\t<\/div>\n\t\t\t\t\t<\/div>\n\t\t<\/div>\n\t\t\t\t\t\t\t<\/div>\n\t\t<\/section>\n\t\t\t\t<section class=\"elementor-section elementor-top-section elementor-element elementor-element-0ffc276 elementor-section-boxed elementor-section-height-default elementor-section-height-default\" data-id=\"0ffc276\" data-element_type=\"section\">\n\t\t\t\t\t\t<div class=\"elementor-container elementor-column-gap-default\">\n\t\t\t\t\t<div class=\"elementor-column elementor-col-100 elementor-top-column elementor-element elementor-element-ae46cef\" data-id=\"ae46cef\" data-element_type=\"column\">\n\t\t\t<div class=\"elementor-widget-wrap elementor-element-populated\">\n\t\t\t\t\t\t\t\t<div class=\"elementor-element elementor-element-503598c elementor-skin-carousel elementor-arrows-yes elementor-pagination-type-bullets elementor-pagination-position-outside elementor-widget elementor-widget-media-carousel\" data-id=\"503598c\" data-element_type=\"widget\" data-settings=\"{&quot;skin&quot;:&quot;carousel&quot;,&quot;effect&quot;:&quot;slide&quot;,&quot;show_arrows&quot;:&quot;yes&quot;,&quot;pagination&quot;:&quot;bullets&quot;,&quot;speed&quot;:500,&quot;autoplay&quot;:&quot;yes&quot;,&quot;autoplay_speed&quot;:5000,&quot;loop&quot;:&quot;yes&quot;,&quot;pause_on_hover&quot;:&quot;yes&quot;,&quot;pause_on_interaction&quot;:&quot;yes&quot;,&quot;space_between&quot;:{&quot;unit&quot;:&quot;px&quot;,&quot;size&quot;:10,&quot;sizes&quot;:[]},&quot;space_between_tablet&quot;:{&quot;unit&quot;:&quot;px&quot;,&quot;size&quot;:10,&quot;sizes&quot;:[]},&quot;space_between_mobile&quot;:{&quot;unit&quot;:&quot;px&quot;,&quot;size&quot;:10,&quot;sizes&quot;:[]}}\" data-widget_type=\"media-carousel.default\">\n\t\t\t\t<div class=\"elementor-widget-container\">\n\t\t\t\t\t<div class=\"elementor-swiper\">\n\t\t\t<div class=\"elementor-main-swiper swiper-container\">\n\t\t\t\t<div class=\"swiper-wrapper\">\n\t\t\t\t\t\t\t\t\t\t\t<div class=\"swiper-slide\">\n\t\t\t\t\t\t\t\t\t<div class=\"elementor-carousel-image\" style=\"background-image: url(https:\/\/doering-mittenwald.rr-miwa.de\/wp-content\/uploads\/2021\/05\/Ferienwohnung-15-scaled.jpg)\">\n\t\t\t\t\t<\/div>\n\t\t\t\t\t\t\t\t<\/div>\n\t\t\t\t\t\t\t\t\t\t\t<div class=\"swiper-slide\">\n\t\t\t\t\t\t\t\t\t<div class=\"elementor-carousel-image\" style=\"background-image: url(https:\/\/doering-mittenwald.rr-miwa.de\/wp-content\/uploads\/2021\/05\/Ferienwohnung-9-scaled.jpg)\">\n\t\t\t\t\t<\/div>\n\t\t\t\t\t\t\t\t<\/div>\n\t\t\t\t\t\t\t\t\t\t\t<div class=\"swiper-slide\">\n\t\t\t\t\t\t\t\t\t<div class=\"elementor-carousel-image\" style=\"background-image: url(https:\/\/doering-mittenwald.rr-miwa.de\/wp-content\/uploads\/2021\/05\/Ferienwohnung-14-scaled.jpg)\">\n\t\t\t\t\t<\/div>\n\t\t\t\t\t\t\t\t<\/div>\n\t\t\t\t\t\t\t\t\t\t\t<div class=\"swiper-slide\">\n\t\t\t\t\t\t\t\t\t<div class=\"elementor-carousel-image\" style=\"background-image: url(https:\/\/doering-mittenwald.rr-miwa.de\/wp-content\/uploads\/2021\/05\/Ferienwohnung-12-scaled.jpg)\">\n\t\t\t\t\t<\/div>\n\t\t\t\t\t\t\t\t<\/div>\n\t\t\t\t\t\t\t\t\t\t\t<div class=\"swiper-slide\">\n\t\t\t\t\t\t\t\t\t<div class=\"elementor-carousel-image\" style=\"background-image: url(https:\/\/doering-mittenwald.rr-miwa.de\/wp-content\/uploads\/2021\/05\/Ferienwohnung-5-scaled.jpg)\">\n\t\t\t\t\t<\/div>\n\t\t\t\t\t\t\t\t<\/div>\n\t\t\t\t\t\t\t\t\t\t\t<div class=\"swiper-slide\">\n\t\t\t\t\t\t\t\t\t<div class=\"elementor-carousel-image\" style=\"background-image: url(https:\/\/doering-mittenwald.rr-miwa.de\/wp-content\/uploads\/2021\/05\/IMG_20210520_171512-scaled.jpg)\">\n\t\t\t\t\t<\/div>\n\t\t\t\t\t\t\t\t<\/div>\n\t\t\t\t\t\t\t\t\t<\/div>\n\t\t\t\t\t\t\t\t\t\t\t\t\t\t\t<div class=\"swiper-pagination\"><\/div>\n\t\t\t\t\t\t\t\t\t\t\t\t\t\t\t\t<div class=\"elementor-swiper-button elementor-swiper-button-prev\">\n\t\t\t\t\t\t\t<i class=\"eicon-chevron-left\" aria-hidden=\"true\"><\/i>\n\t\t\t\t\t\t\t<span class=\"elementor-screen-only\">Previous<\/span>\n\t\t\t\t\t\t<\/div>\n\t\t\t\t\t\t<div class=\"elementor-swiper-button elementor-swiper-button-next\">\n\t\t\t\t\t\t\t<i class=\"eicon-chevron-right\" aria-hidden=\"true\"><\/i>\n\t\t\t\t\t\t\t<span class=\"elementor-screen-only\">Next<\/span>\n\t\t\t\t\t\t<\/div>\n\t\t\t\t\t\t\t\t\t\t\t\t<\/div>\n\t\t<\/div>\n\t\t\t\t<\/div>\n\t\t\t\t<\/div>\n\t\t\t\t\t<\/div>\n\t\t<\/div>\n\t\t\t\t\t\t\t<\/div>\n\t\t<\/section>\n\t\t\t\t\t\t<\/div>\n\t\t\t\t\t<\/div>\n\t\t","protected":false},"excerpt":{"rendered":"<p>Ferienwohnung Die Ferienwohnung im G\u00e4stehaus D\u00f6ring ist sehr gro\u00dfz\u00fcgig geschnitten und beinhaltet ein Wohnzimmer mit gro\u00dfer Couch und als Highlight einen Kamin f\u00fcr entspannte Abende.\u00a0 Die sehr gro\u00dfe K\u00fcche l\u00e4dt ein zum gemeinsamen kochen und genie\u00dfen.\u2022 2 Doppelzimmer\u2022 1 Einzelzimmer\u2022 Bad mit Dusche und Badewanne\u2022 Wohnzimmer mit Kamin\u2022 Sehr ger\u00e4umige K\u00fcche Back home Previous Next<\/p>\n","protected":false},"author":2,"featured_media":0,"parent":0,"menu_order":0,"comment_status":"closed","ping_status":"closed","template":"","meta":[],"_links":{"self":[{"href":"https:\/\/doering-mittenwald.rr-miwa.de\/index.php?rest_route=\/wp\/v2\/pages\/183"}],"collection":[{"href":"https:\/\/doering-mittenwald.rr-miwa.de\/index.php?rest_route=\/wp\/v2\/pages"}],"about":[{"href":"https:\/\/doering-mittenwald.rr-miwa.de\/index.php?rest_route=\/wp\/v2\/types\/page"}],"author":[{"embeddable":true,"href":"https:\/\/doering-mittenwald.rr-miwa.de\/index.php?rest_route=\/wp\/v2\/users\/2"}],"replies":[{"embeddable":true,"href":"https:\/\/doering-mittenwald.rr-miwa.de\/index.php?rest_route=%2Fwp%2Fv2%2Fcomments&post=183"}],"version-history":[{"count":22,"href":"https:\/\/doering-mittenwald.rr-miwa.de\/index.php?rest_route=\/wp\/v2\/pages\/183\/revisions"}],"predecessor-version":[{"id":403,"href":"https:\/\/doering-mittenwald.rr-miwa.de\/index.php?rest_route=\/wp\/v2\/pages\/183\/revisions\/403"}],"wp:attachment":[{"href":"https:\/\/doering-mittenwald.rr-miwa.de\/index.php?rest_route=%2Fwp%2Fv2%2Fmedia&parent=183"}],"curies":[{"name":"wp","href":"https:\/\/api.w.org\/{rel}","templated":true}]}}