{"id":118,"date":"2021-05-15T21:12:32","date_gmt":"2021-05-15T21:12:32","guid":{"rendered":"https:\/\/doering-mittenwald.rr-miwa.de\/?page_id=118"},"modified":"2021-05-25T12:58:47","modified_gmt":"2021-05-25T12:58:47","slug":"doppelzimmer","status":"publish","type":"page","link":"https:\/\/doering-mittenwald.rr-miwa.de\/?page_id=118","title":{"rendered":"Doppelzimmer 1.Stock"},"content":{"rendered":"\t\t<div data-elementor-type=\"wp-page\" data-elementor-id=\"118\" class=\"elementor elementor-118\" data-elementor-settings=\"[]\">\n\t\t\t\t\t\t\t<div class=\"elementor-section-wrap\">\n\t\t\t\t\t\t\t<section class=\"elementor-section elementor-top-section elementor-element elementor-element-6212b4e elementor-section-boxed elementor-section-height-default elementor-section-height-default\" data-id=\"6212b4e\" data-element_type=\"section\">\n\t\t\t\t\t\t<div class=\"elementor-container elementor-column-gap-default\">\n\t\t\t\t\t<div class=\"elementor-column elementor-col-100 elementor-top-column elementor-element elementor-element-dd025b1\" data-id=\"dd025b1\" data-element_type=\"column\">\n\t\t\t<div class=\"elementor-widget-wrap elementor-element-populated\">\n\t\t\t\t\t\t\t\t<div class=\"elementor-element elementor-element-a86802c elementor-nav-menu__align-right elementor-nav-menu--indicator-classic elementor-nav-menu--dropdown-tablet elementor-nav-menu__text-align-aside elementor-nav-menu--toggle elementor-nav-menu--burger elementor-widget elementor-widget-nav-menu\" data-id=\"a86802c\" data-element_type=\"widget\" data-settings=\"{&quot;layout&quot;:&quot;horizontal&quot;,&quot;toggle&quot;:&quot;burger&quot;}\" data-widget_type=\"nav-menu.default\">\n\t\t\t\t<div class=\"elementor-widget-container\">\n\t\t\t\t\t\t<nav role=\"navigation\" class=\"elementor-nav-menu--main elementor-nav-menu__container elementor-nav-menu--layout-horizontal e--pointer-underline e--animation-fade\"><ul id=\"menu-1-a86802c\" class=\"elementor-nav-menu\"><li class=\"menu-item menu-item-type-custom menu-item-object-custom menu-item-home menu-item-447\"><a href=\"https:\/\/doering-mittenwald.rr-miwa.de\/\" class=\"elementor-item\">Home<\/a><\/li>\n<li class=\"menu-item menu-item-type-custom menu-item-object-custom menu-item-has-children menu-item-37\"><a class=\"elementor-item\">G\u00e4stehaus D\u00f6ring<\/a>\n<ul class=\"sub-menu elementor-nav-menu--dropdown\">\n\t<li class=\"menu-item menu-item-type-post_type menu-item-object-page menu-item-194\"><a href=\"https:\/\/doering-mittenwald.rr-miwa.de\/?page_id=183\" class=\"elementor-sub-item\">Ferienwohnung<\/a><\/li>\n\t<li class=\"menu-item menu-item-type-post_type menu-item-object-page menu-item-489\"><a href=\"https:\/\/doering-mittenwald.rr-miwa.de\/?page_id=482\" class=\"elementor-sub-item\">Alle Zimmer<\/a><\/li>\n\t<li class=\"menu-item menu-item-type-post_type menu-item-object-page menu-item-124\"><a href=\"https:\/\/doering-mittenwald.rr-miwa.de\/?page_id=118\" class=\"elementor-sub-item\">Doppelzimmer 1.Stock<\/a><\/li>\n\t<li class=\"menu-item menu-item-type-post_type menu-item-object-page menu-item-147\"><a href=\"https:\/\/doering-mittenwald.rr-miwa.de\/?page_id=138\" class=\"elementor-sub-item\">Dreibettzimmer Viererspitz<\/a><\/li>\n\t<li class=\"menu-item menu-item-type-post_type menu-item-object-page menu-item-203\"><a href=\"https:\/\/doering-mittenwald.rr-miwa.de\/?page_id=198\" class=\"elementor-sub-item\">Doppelzimmer Karwendelblick<\/a><\/li>\n\t<li class=\"menu-item menu-item-type-post_type menu-item-object-page menu-item-363\"><a href=\"https:\/\/doering-mittenwald.rr-miwa.de\/?page_id=354\" class=\"elementor-sub-item\">Doppelzimmer Arnspitzblick<\/a><\/li>\n\t<li class=\"menu-item menu-item-type-post_type menu-item-object-page menu-item-364\"><a href=\"https:\/\/doering-mittenwald.rr-miwa.de\/?page_id=344\" class=\"elementor-sub-item\">Doppelzimmer Wettersteinblick<\/a><\/li>\n\t<li class=\"menu-item menu-item-type-post_type menu-item-object-page menu-item-365\"><a href=\"https:\/\/doering-mittenwald.rr-miwa.de\/?page_id=320\" class=\"elementor-sub-item\">Doppelzimmer Kranzbergblick<\/a><\/li>\n<\/ul>\n<\/li>\n<li class=\"menu-item menu-item-type-post_type menu-item-object-page menu-item-209\"><a href=\"https:\/\/doering-mittenwald.rr-miwa.de\/?page_id=204\" class=\"elementor-item\">Ferienhaus Bichler<\/a><\/li>\n<li class=\"menu-item menu-item-type-post_type menu-item-object-page menu-item-52\"><a href=\"https:\/\/doering-mittenwald.rr-miwa.de\/?page_id=39\" class=\"elementor-item\">Kontakt<\/a><\/li>\n<li class=\"menu-item menu-item-type-custom menu-item-object-custom menu-item-193\"><a href=\"https:\/\/webcam-mittenwald.de\/panorama-webcam-mittenwald-webcam-mit-blick-auf-den-wetterstein-die-alpspitze-und-die-zugspitze-wettercam-mittenwald-mittenwald-live-wetteramt-wetterstein-wetteramt-zugspitze\/\" class=\"elementor-item\">Webcams<\/a><\/li>\n<\/ul><\/nav>\n\t\t\t\t\t<div class=\"elementor-menu-toggle\" role=\"button\" tabindex=\"0\" aria-label=\"Menu Toggle\" aria-expanded=\"false\">\n\t\t\t<i class=\"eicon-menu-bar\" aria-hidden=\"true\"><\/i>\n\t\t\t<span class=\"elementor-screen-only\">Menu<\/span>\n\t\t<\/div>\n\t\t\t<nav class=\"elementor-nav-menu--dropdown elementor-nav-menu__container\" role=\"navigation\" aria-hidden=\"true\"><ul id=\"menu-2-a86802c\" class=\"elementor-nav-menu\"><li class=\"menu-item menu-item-type-custom menu-item-object-custom menu-item-home menu-item-447\"><a href=\"https:\/\/doering-mittenwald.rr-miwa.de\/\" class=\"elementor-item\">Home<\/a><\/li>\n<li class=\"menu-item menu-item-type-custom menu-item-object-custom menu-item-has-children menu-item-37\"><a class=\"elementor-item\">G\u00e4stehaus D\u00f6ring<\/a>\n<ul class=\"sub-menu elementor-nav-menu--dropdown\">\n\t<li class=\"menu-item menu-item-type-post_type menu-item-object-page menu-item-194\"><a href=\"https:\/\/doering-mittenwald.rr-miwa.de\/?page_id=183\" class=\"elementor-sub-item\">Ferienwohnung<\/a><\/li>\n\t<li class=\"menu-item menu-item-type-post_type menu-item-object-page menu-item-489\"><a href=\"https:\/\/doering-mittenwald.rr-miwa.de\/?page_id=482\" class=\"elementor-sub-item\">Alle Zimmer<\/a><\/li>\n\t<li class=\"menu-item menu-item-type-post_type menu-item-object-page menu-item-124\"><a href=\"https:\/\/doering-mittenwald.rr-miwa.de\/?page_id=118\" class=\"elementor-sub-item\">Doppelzimmer 1.Stock<\/a><\/li>\n\t<li class=\"menu-item menu-item-type-post_type menu-item-object-page menu-item-147\"><a href=\"https:\/\/doering-mittenwald.rr-miwa.de\/?page_id=138\" class=\"elementor-sub-item\">Dreibettzimmer Viererspitz<\/a><\/li>\n\t<li class=\"menu-item menu-item-type-post_type menu-item-object-page menu-item-203\"><a href=\"https:\/\/doering-mittenwald.rr-miwa.de\/?page_id=198\" class=\"elementor-sub-item\">Doppelzimmer Karwendelblick<\/a><\/li>\n\t<li class=\"menu-item menu-item-type-post_type menu-item-object-page menu-item-363\"><a href=\"https:\/\/doering-mittenwald.rr-miwa.de\/?page_id=354\" class=\"elementor-sub-item\">Doppelzimmer Arnspitzblick<\/a><\/li>\n\t<li class=\"menu-item menu-item-type-post_type menu-item-object-page menu-item-364\"><a href=\"https:\/\/doering-mittenwald.rr-miwa.de\/?page_id=344\" class=\"elementor-sub-item\">Doppelzimmer Wettersteinblick<\/a><\/li>\n\t<li class=\"menu-item menu-item-type-post_type menu-item-object-page menu-item-365\"><a href=\"https:\/\/doering-mittenwald.rr-miwa.de\/?page_id=320\" class=\"elementor-sub-item\">Doppelzimmer Kranzbergblick<\/a><\/li>\n<\/ul>\n<\/li>\n<li class=\"menu-item menu-item-type-post_type menu-item-object-page menu-item-209\"><a href=\"https:\/\/doering-mittenwald.rr-miwa.de\/?page_id=204\" class=\"elementor-item\">Ferienhaus Bichler<\/a><\/li>\n<li class=\"menu-item menu-item-type-post_type menu-item-object-page menu-item-52\"><a href=\"https:\/\/doering-mittenwald.rr-miwa.de\/?page_id=39\" class=\"elementor-item\">Kontakt<\/a><\/li>\n<li class=\"menu-item menu-item-type-custom menu-item-object-custom menu-item-193\"><a href=\"https:\/\/webcam-mittenwald.de\/panorama-webcam-mittenwald-webcam-mit-blick-auf-den-wetterstein-die-alpspitze-und-die-zugspitze-wettercam-mittenwald-mittenwald-live-wetteramt-wetterstein-wetteramt-zugspitze\/\" class=\"elementor-item\">Webcams<\/a><\/li>\n<\/ul><\/nav>\n\t\t\t\t<\/div>\n\t\t\t\t<\/div>\n\t\t\t\t\t<\/div>\n\t\t<\/div>\n\t\t\t\t\t\t\t<\/div>\n\t\t<\/section>\n\t\t\t\t<section class=\"elementor-section elementor-top-section elementor-element elementor-element-e369bee elementor-section-full_width elementor-section-height-full elementor-section-height-default elementor-section-items-middle\" data-id=\"e369bee\" data-element_type=\"section\" data-settings=\"{&quot;background_background&quot;:&quot;slideshow&quot;,&quot;background_slideshow_gallery&quot;:[{&quot;id&quot;:281,&quot;url&quot;:&quot;https:\\\/\\\/doering-mittenwald.rr-miwa.de\\\/wp-content\\\/uploads\\\/2021\\\/05\\\/Doppelzimmer-1-stock-3-scaled.jpg&quot;},{&quot;id&quot;:282,&quot;url&quot;:&quot;https:\\\/\\\/doering-mittenwald.rr-miwa.de\\\/wp-content\\\/uploads\\\/2021\\\/05\\\/Doppelzimmer-1-stock-1-scaled.jpg&quot;},{&quot;id&quot;:285,&quot;url&quot;:&quot;https:\\\/\\\/doering-mittenwald.rr-miwa.de\\\/wp-content\\\/uploads\\\/2021\\\/05\\\/Bad-alle-Zimmer-2-scaled.jpg&quot;}],&quot;background_slideshow_ken_burns&quot;:&quot;yes&quot;,&quot;background_slideshow_loop&quot;:&quot;yes&quot;,&quot;background_slideshow_slide_duration&quot;:5000,&quot;background_slideshow_slide_transition&quot;:&quot;fade&quot;,&quot;background_slideshow_transition_duration&quot;:500,&quot;background_slideshow_ken_burns_zoom_direction&quot;:&quot;in&quot;}\">\n\t\t\t\t\t\t<div class=\"elementor-container elementor-column-gap-default\">\n\t\t\t\t\t<div class=\"elementor-column elementor-col-100 elementor-top-column elementor-element elementor-element-4ef3772\" data-id=\"4ef3772\" data-element_type=\"column\">\n\t\t\t<div class=\"elementor-widget-wrap elementor-element-populated\">\n\t\t\t\t\t\t\t\t<div class=\"elementor-element elementor-element-461bc24 elementor-widget elementor-widget-heading\" data-id=\"461bc24\" data-element_type=\"widget\" data-widget_type=\"heading.default\">\n\t\t\t\t<div class=\"elementor-widget-container\">\n\t\t\t<h1 class=\"elementor-heading-title elementor-size-default\">Doppelzimmer<\/h1>\t\t<\/div>\n\t\t\t\t<\/div>\n\t\t\t\t<div class=\"elementor-element elementor-element-ba5afce elementor-widget__width-initial elementor-hidden-tablet elementor-hidden-phone elementor-widget elementor-widget-text-editor\" data-id=\"ba5afce\" data-element_type=\"widget\" data-widget_type=\"text-editor.default\">\n\t\t\t\t<div class=\"elementor-widget-container\">\n\t\t\t\t\t\t\t\t<p>Doppelzimmer, mit Dusche, WC, TV, Balkon oder Terrasse sowie kostenloses W-LAN. Unsere Doppelzimmer vermieten wir gerne auch zur Einzelbenutzung.<\/p><p>Bad verf\u00fcgt \u00fcber F\u00f6n und Kosmetikspiegel.<\/p>\t\t\t\t\t\t<\/div>\n\t\t\t\t<\/div>\n\t\t\t\t\t<\/div>\n\t\t<\/div>\n\t\t\t\t\t\t\t<\/div>\n\t\t<\/section>\n\t\t\t\t<section class=\"elementor-section elementor-top-section elementor-element elementor-element-56cf538 elementor-section-boxed elementor-section-height-default elementor-section-height-default\" data-id=\"56cf538\" data-element_type=\"section\">\n\t\t\t\t\t\t<div class=\"elementor-container elementor-column-gap-default\">\n\t\t\t\t\t<div class=\"elementor-column elementor-col-100 elementor-top-column elementor-element elementor-element-0249317\" data-id=\"0249317\" data-element_type=\"column\">\n\t\t\t<div class=\"elementor-widget-wrap elementor-element-populated\">\n\t\t\t\t\t\t\t\t<div class=\"elementor-element elementor-element-06d01e8 elementor-widget elementor-widget-text-editor\" data-id=\"06d01e8\" data-element_type=\"widget\" data-widget_type=\"text-editor.default\">\n\t\t\t\t<div class=\"elementor-widget-container\">\n\t\t\t\t\t\t\t\t<p>Doppelzimmer, mit Dusche, WC, TV, Balkon oder Terrasse sowie kostenloses W-LAN. Unsere Doppelzimmer vermieten wir gerne auch zur Einzelbenutzung.<\/p><p>Bad verf\u00fcgt \u00fcber F\u00f6n und Kosmetikspiegel.<\/p>\t\t\t\t\t\t<\/div>\n\t\t\t\t<\/div>\n\t\t\t\t\t<\/div>\n\t\t<\/div>\n\t\t\t\t\t\t\t<\/div>\n\t\t<\/section>\n\t\t\t\t\t\t<\/div>\n\t\t\t\t\t<\/div>\n\t\t","protected":false},"excerpt":{"rendered":"<p>Doppelzimmer Doppelzimmer, mit Dusche, WC, TV, Balkon oder Terrasse sowie kostenloses W-LAN. Unsere Doppelzimmer vermieten wir gerne auch zur Einzelbenutzung. Bad verf\u00fcgt \u00fcber F\u00f6n und Kosmetikspiegel. Doppelzimmer, mit Dusche, WC, TV, Balkon oder Terrasse sowie kostenloses W-LAN. Unsere Doppelzimmer vermieten wir gerne auch zur Einzelbenutzung. Bad verf\u00fcgt \u00fcber F\u00f6n und Kosmetikspiegel.<\/p>\n","protected":false},"author":2,"featured_media":0,"parent":0,"menu_order":0,"comment_status":"closed","ping_status":"closed","template":"","meta":[],"_links":{"self":[{"href":"https:\/\/doering-mittenwald.rr-miwa.de\/index.php?rest_route=\/wp\/v2\/pages\/118"}],"collection":[{"href":"https:\/\/doering-mittenwald.rr-miwa.de\/index.php?rest_route=\/wp\/v2\/pages"}],"about":[{"href":"https:\/\/doering-mittenwald.rr-miwa.de\/index.php?rest_route=\/wp\/v2\/types\/page"}],"author":[{"embeddable":true,"href":"https:\/\/doering-mittenwald.rr-miwa.de\/index.php?rest_route=\/wp\/v2\/users\/2"}],"replies":[{"embeddable":true,"href":"https:\/\/doering-mittenwald.rr-miwa.de\/index.php?rest_route=%2Fwp%2Fv2%2Fcomments&post=118"}],"version-history":[{"count":18,"href":"https:\/\/doering-mittenwald.rr-miwa.de\/index.php?rest_route=\/wp\/v2\/pages\/118\/revisions"}],"predecessor-version":[{"id":406,"href":"https:\/\/doering-mittenwald.rr-miwa.de\/index.php?rest_route=\/wp\/v2\/pages\/118\/revisions\/406"}],"wp:attachment":[{"href":"https:\/\/doering-mittenwald.rr-miwa.de\/index.php?rest_route=%2Fwp%2Fv2%2Fmedia&parent=118"}],"curies":[{"name":"wp","href":"https:\/\/api.w.org\/{rel}","templated":true}]}}